{"id":41,"date":"2017-09-08T14:37:27","date_gmt":"2017-09-08T12:37:27","guid":{"rendered":"https:\/\/xlogic.org\/kb\/?page_id=41"},"modified":"2021-02-09T19:23:40","modified_gmt":"2021-02-09T18:23:40","slug":"home","status":"publish","type":"page","link":"https:\/\/xlogic.org\/kb\/","title":{"rendered":"Home"},"content":{"rendered":"<p>[vc_row row_type=&#8221;row&#8221; stretch_row_type=&#8221;yes&#8221; background_color=&#8221;#ffffff&#8221; border_color=&#8221;#ffffff&#8221; css=&#8221;.vc_custom_1516636429322{background-color: #ffffff !important;}&#8221;][vc_column css_animation=&#8221;none&#8221; width=&#8221;1\/3&#8243;]<div class=\"manual_icon_with_title\">\n\t  \n\t  <div class=\"icon_holder  \" style=\"margin-bottom:px;width: 100%;display: -webkit-box;\">\n\t\t<a href=\"https:\/\/xlogic.org\/kb\/per-iniziare\/\" target=\" _blank\"><span class=\"\"><i class=\"icon-laptop\" style=\"font-size:45px; color:#3d3b3b;padding: 0 20px 0 0;\"><\/i><\/span><\/a>\n\t\t<h5 style=\"font-weight:600!important;color:!important;font-size:25px!important;text-transform:capitalize!important;\">Per iniziare<\/h5>\n\t  <\/div>\n\t  \n\t  <div class=\"icon_text_holder \" style=\"padding:0px;padding-top:10px; clear: both;\">\n\t\t<div class=\"icon_text_inner\" style=\"margin-top:15px;\">\n\t\t  <p class=\"desc\" style=\"color:;\">Benvenuto su Xlogic, scopri come iscriverti nell'area clienti, come ordinare i servizi e gestire i pagamenti<\/p>\n\t\t  <p style=\"padding-top:10px;font-size:13px;text-transform: capitalize;letter-spacing: 0.6px;\"> <a href=\"https:\/\/xlogic.org\/kb\/per-iniziare\/\" class=\"custom-link hvr-icon-wobble-horizontal\" style=\"color:!important;\" target=\" _blank\">Cominciamo<\/a> <\/p>\n\t\t<\/div>\n\t  <\/div>\n\t  \n\t<\/div>[\/vc_column][vc_column css_animation=&#8221;none&#8221; width=&#8221;1\/3&#8243;]<div class=\"manual_icon_with_title\">\n\t  \n\t  <div class=\"icon_holder  \" style=\"margin-bottom:px;width: 100%;display: -webkit-box;\">\n\t\t<a href=\"https:\/\/xlogic.org\/kb\/hosting\/\" target=\" _blank\"><span class=\"\"><i class=\"icon-lightbulb\" style=\"font-size:45px; color:#3d3b3b;padding: 0 20px 0 0;\"><\/i><\/span><\/a>\n\t\t<h5 style=\"font-weight:600!important;color:!important;font-size:25px!important;text-transform:capitalize!important;\">Consigli per l'acquisto<\/h5>\n\t  <\/div>\n\t  \n\t  <div class=\"icon_text_holder \" style=\"padding:0px;padding-top:10px; clear: both;\">\n\t\t<div class=\"icon_text_inner\" style=\"margin-top:15px;\">\n\t\t  <p class=\"desc\" style=\"color:;\">Spazio disco, traffico mensile, domini aggiuntivi scopri il piano che fa per te in base alle tue esigenze<\/p>\n\t\t  <p style=\"padding-top:10px;font-size:13px;text-transform: capitalize;letter-spacing: 0.6px;\"> <a href=\"https:\/\/xlogic.org\/kb\/hosting\/\" class=\"custom-link hvr-icon-wobble-horizontal\" style=\"color:!important;\" target=\" _blank\">Acquista l'hosting che fa per te<\/a> <\/p>\n\t\t<\/div>\n\t  <\/div>\n\t  \n\t<\/div>[\/vc_column][vc_column css_animation=&#8221;none&#8221; width=&#8221;1\/3&#8243;]<div class=\"manual_icon_with_title\">\n\t  \n\t  <div class=\"icon_holder  \" style=\"margin-bottom:px;width: 100%;display: -webkit-box;\">\n\t\t<a href=\"https:\/\/xlogic.org\/kb\/area-clienti-e-pagamenti\/\" target=\" _blank\"><span class=\"\"><i class=\"icon-wallet\" style=\"font-size:45px; color:#3d3b3b;padding: 0 20px 0 0;\"><\/i><\/span><\/a>\n\t\t<h5 style=\"font-weight:600!important;color:!important;font-size:25px!important;text-transform:capitalize!important;\">Area clienti e pagamenti<\/h5>\n\t  <\/div>\n\t  \n\t  <div class=\"icon_text_holder \" style=\"padding:0px;padding-top:10px; clear: both;\">\n\t\t<div class=\"icon_text_inner\" style=\"margin-top:15px;\">\n\t\t  <p class=\"desc\" style=\"color:;\">Scopri come modificare il tuo account, come effettuare i pagamenti e gestire le fatture<\/p>\n\t\t  <p style=\"padding-top:10px;font-size:13px;text-transform: capitalize;letter-spacing: 0.6px;\"> <a href=\"https:\/\/xlogic.org\/kb\/area-clienti-e-pagamenti\/\" class=\"custom-link hvr-icon-wobble-horizontal\" style=\"color:!important;\" target=\" _blank\">Gestisci il tuo account<\/a> <\/p>\n\t\t<\/div>\n\t  <\/div>\n\t  \n\t<\/div>[\/vc_column][\/vc_row][vc_row row_type=&#8221;row&#8221; stretch_row_type=&#8221;no&#8221; css=&#8221;.vc_custom_1507803276692{margin-top: 20px !important;margin-bottom: 100px !important;border-top-width: 20px !important;padding-top: 20px !important;}&#8221;][vc_column css_animation=&#8221;none&#8221; css=&#8221;.vc_custom_1516704895783{margin-top: -20px !important;border-top-width: -20px !important;padding-top: -20px !important;background-color: #fcfcfc !important;}&#8221;]<div class=\" masonry-vc-grid-four body-content\"><div class=\"col-md-4 masonry-item\"><div class=\"knowledgebase-body\"><h5><a href=\"https:\/\/xlogic.org\/kb\/cat-kb\/areaclienti\/\">Area Clienti<\/a> <\/h5> <span class=\"separator small\"><\/span><ul class=\"kbse\"><li class=\"cat inner\"> <a href=\"https:\/\/xlogic.org\/kb\/knowledgebase\/ho-dimenticato-la-password-dellarea-clienti\/\">Ho dimenticato la password dell\u2019area clienti<\/a> <\/li><li class=\"cat inner\"> <a href=\"https:\/\/xlogic.org\/kb\/knowledgebase\/come-modificare-la-password-dellarea-clienti\/\">Come modificare la password dell\u2019area clienti<\/a> <\/li><li class=\"cat inner\"> <a href=\"https:\/\/xlogic.org\/kb\/knowledgebase\/come-registrarsi-nellarea-clienti\/\">Come registrarsi nell\u2019area clienti<\/a> <\/li><\/ul><div style=\"padding:10px 0px;\"> <a href=\"https:\/\/xlogic.org\/kb\/cat-kb\/areaclienti\/\" class=\"custom-link hvr-icon-wobble-horizontal kblnk\" >Visualizza tutti 42 <\/a><\/div><\/div><\/div><div class=\"col-md-4 masonry-item\"><div class=\"knowledgebase-body\"><h5><a href=\"https:\/\/xlogic.org\/kb\/cat-kb\/risoluzione-problemi-2\/\">Risoluzione Problemi<\/a> <\/h5> <span class=\"separator small\"><\/span><ul class=\"kbse\"><li class=\"cat inner\"> <a href=\"https:\/\/xlogic.org\/kb\/knowledgebase\/non-riesco-ad-accedere-via-ftp-con-filezilla\/\">Non riesco ad accedere via FTP con FileZilla<\/a> <\/li><li class=\"cat inner\"> <a href=\"https:\/\/xlogic.org\/kb\/knowledgebase\/come-disattivare-la-greylist\/\">Come disattivare la greylist<\/a> <\/li><li class=\"cat inner\"> <a href=\"https:\/\/xlogic.org\/kb\/knowledgebase\/ho-attivato-cloudflare-ma-ora-non-posso-accedere-a-cpanel\/\">Ho attivato CloudFlare, ma non posso accedere a cPanel<\/a> <\/li><\/ul><div style=\"padding:10px 0px;\"> <a href=\"https:\/\/xlogic.org\/kb\/cat-kb\/risoluzione-problemi-2\/\" class=\"custom-link hvr-icon-wobble-horizontal kblnk\" >Visualizza tutti 64 <\/a><\/div><\/div><\/div><div class=\"col-md-4 masonry-item\"><div class=\"knowledgebase-body\"><h5><a href=\"https:\/\/xlogic.org\/kb\/cat-kb\/cpanel-2\/\">cPanel<\/a> <\/h5> <span class=\"separator small\"><\/span><ul class=\"kbse\"><li class=\"cat inner\"> <a href=\"https:\/\/xlogic.org\/kb\/knowledgebase\/ho-dimenticato-la-password-di-cpanel\/\">Ho dimenticato la password di cPanel<\/a> <\/li><li class=\"cat inner\"> <a href=\"https:\/\/xlogic.org\/kb\/knowledgebase\/ho-dimenticato-la-password-del-mio-indirizzo-mail\/\">Ho dimenticato la password del mio indirizzo mail<\/a> <\/li><li class=\"cat inner\"> <a href=\"https:\/\/xlogic.org\/kb\/knowledgebase\/come-modificare-la-password-di-un-indirizzo-mail\/\">Come modificare la password di un indirizzo mail<\/a> <\/li><\/ul><div style=\"padding:10px 0px;\"> <a href=\"https:\/\/xlogic.org\/kb\/cat-kb\/cpanel-2\/\" class=\"custom-link hvr-icon-wobble-horizontal kblnk\" >Visualizza tutti 42 <\/a><\/div><\/div><\/div><\/div><\/div>[vc_column_text css_animation=&#8221;none&#8221;]<\/p>\n<p style=\"text-align: center;\"><span style=\"font-size: 18pt;\"><a href=\"https:\/\/xlogic.org\/kb\/faq\/\" target=\"_blank\" rel=\"noopener noreferrer\"><strong><span style=\"color: #d1d1d1;\">|| Visualizza tutte le categorie ||<\/span><\/strong><\/a><\/span><\/p>\n<p>[\/vc_column_text]<div class=\" masonry-vc-grid-four body-content\"><div class=\"col-md-4 masonry-item\"><div class=\"knowledgebase-body\"><h5><a href=\"https:\/\/xlogic.org\/kb\/cat-kb\/hosting\/\">Hosting<\/a> <\/h5> <span class=\"separator small\"><\/span><ul class=\"kbse\"><li class=\"cat inner\"> <a href=\"https:\/\/xlogic.org\/kb\/knowledgebase\/differenza-tra-hosting-e-dominio\/\">Differenza tra hosting e dominio<\/a> <\/li><li class=\"cat inner\"> <a href=\"https:\/\/xlogic.org\/kb\/knowledgebase\/che-cose-la-vps-ssd-virtual-private-server\/\">VPS Hosting SSD: che cos\u2019\u00e8 e come utilizzarlo<\/a> <\/li><li class=\"cat inner\"> <a href=\"https:\/\/xlogic.org\/kb\/knowledgebase\/che-cose-il-server-dedicato\/\">Che cos\u2019\u00e8 il server dedicato<\/a> <\/li><\/ul><div style=\"padding:10px 0px;\"> <a href=\"https:\/\/xlogic.org\/kb\/cat-kb\/hosting\/\" class=\"custom-link hvr-icon-wobble-horizontal kblnk\" >Visualizza tutti 99 <\/a><\/div><\/div><\/div><div class=\"col-md-4 masonry-item\"><div class=\"knowledgebase-body\"><h5><a href=\"https:\/\/xlogic.org\/kb\/cat-kb\/dominio\/\">Dominio<\/a> <\/h5> <span class=\"separator small\"><\/span><ul class=\"kbse\"><li class=\"cat inner\"> <a href=\"https:\/\/xlogic.org\/kb\/knowledgebase\/come-abilitare-o-disabilitare-il-rinnovo-automatico-di-un-dominio\/\">Come abilitare o disabilitare il rinnovo automatico di un dominio<\/a> <\/li><li class=\"cat inner\"> <a href=\"https:\/\/xlogic.org\/kb\/knowledgebase\/che-cose-un-dominio-xlogic-hosting\/\">Che cos\u2019\u00e8 un dominio \u2013 Xlogic Hosting<\/a> <\/li><li class=\"cat inner\"> <a href=\"https:\/\/xlogic.org\/kb\/knowledgebase\/a-chi-appartiene-un-dominio-registrato\/\">A chi appartiene un dominio registrato<\/a> <\/li><\/ul><div style=\"padding:10px 0px;\"> <a href=\"https:\/\/xlogic.org\/kb\/cat-kb\/dominio\/\" class=\"custom-link hvr-icon-wobble-horizontal kblnk\" >Visualizza tutti 61 <\/a><\/div><\/div><\/div><div class=\"col-md-4 masonry-item\"><div class=\"knowledgebase-body\"><h5><a href=\"https:\/\/xlogic.org\/kb\/cat-kb\/email\/\">Email<\/a> <\/h5> <span class=\"separator small\"><\/span><ul class=\"kbse\"><li class=\"cat inner\"> <a href=\"https:\/\/xlogic.org\/kb\/knowledgebase\/ho-dimenticato-la-password-del-mio-indirizzo-mail\/\">Ho dimenticato la password del mio indirizzo mail<\/a> <\/li><li class=\"cat inner\"> <a href=\"https:\/\/xlogic.org\/kb\/knowledgebase\/come-modificare-la-password-di-un-indirizzo-mail\/\">Come modificare la password di un indirizzo mail<\/a> <\/li><li class=\"cat inner\"> <a href=\"https:\/\/xlogic.org\/kb\/knowledgebase\/gestione-spf-e-dkim\/\">Gestione SPF e DKIM<\/a> <\/li><\/ul><div style=\"padding:10px 0px;\"> <a href=\"https:\/\/xlogic.org\/kb\/cat-kb\/email\/\" class=\"custom-link hvr-icon-wobble-horizontal kblnk\" >Visualizza tutti 61 <\/a><\/div><\/div><\/div><\/div><\/div>[\/vc_column][\/vc_row][vc_section][vc_row row_type=&#8221;row&#8221; stretch_row_type=&#8221;no&#8221;][vc_column][vc_separator][vc_column_text css_animation=&#8221;none&#8221;]<\/p>\n<h2 style=\"text-align: center;\"><span style=\"font-size: 24pt;\"><strong>Problemi sul tuo sito web?<\/strong><\/span><\/h2>\n<p>[\/vc_column_text][vc_column_text css_animation=&#8221;none&#8221; css=&#8221;.vc_custom_1612812864964{margin-bottom: 55px !important;}&#8221;]<\/p>\n<p style=\"text-align: center;\"><strong>Risolvi il problema riscontrato per il tuo sito web visualizzando le Domande Frequenti (FAQ Hosting) suddivise per categoria<\/strong><\/p>\n<p>[\/vc_column_text][vc_row_inner][vc_column_inner width=&#8221;1\/3&#8243;]<div class=\"manual_icon_with_title\">\n\t  \n\t  <div class=\"icon_holder top \" style=\"margin-bottom:px;\">\n\t  <a href=\"https:\/\/xlogic.org\/kb\/cat-kb\/risoluzione-problemi-2\/sito-web\/\" target=\" _blank\"><span class=\"\"><i class=\"fa fa-exclamation-triangle\" style=\"font-size:px; color:;\"><\/i><\/span><\/a>\n\t  <\/div>\n\t  \n\t  <div class=\"icon_text_holder top\" style=\"padding-left:px;\">\n\t\t<div class=\"icon_text_inner\">\n\t\t  <h5 style=\"font-weight:!important;color:!important;font-size:px!important;text-transform:!important;\">Errori sito Web<\/h5>\n\t\t  <p class=\"desc\" style=\"color:;margin-top:px;\">Scopri perch\u00e9 il tuo sito non \u00e8 visibile, \u00e8 lento, \u00e8 stato hackerato oppure come puoi risolvere gli errori pi\u00f9 comuni (es: 404, 403, 500, 503, 505, 552, errore nello stabilire una connessione, etc).<\/p>\n\t\t  \n\t\t<\/div>\n\t  <\/div>\n\t  \n\t<\/div>[\/vc_column_inner][vc_column_inner width=&#8221;1\/3&#8243;]<div class=\"manual_icon_with_title\">\n\t  \n\t  <div class=\"icon_holder top \" style=\"margin-bottom:px;\">\n\t  <a href=\"https:\/\/xlogic.org\/kb\/cat-kb\/risoluzione-problemi-2\/sospensione-sito-web\/\" target=\" _blank\"><span class=\"\"><i class=\"fa fa-lock\" style=\"font-size:px; color:;\"><\/i><\/span><\/a>\n\t  <\/div>\n\t  \n\t  <div class=\"icon_text_holder top\" style=\"padding-left:px;\">\n\t\t<div class=\"icon_text_inner\">\n\t\t  <h5 style=\"font-weight:!important;color:!important;font-size:px!important;text-transform:!important;\">Sospensione sito Web<\/h5>\n\t\t  <p class=\"desc\" style=\"color:;margin-top:px;\">Scopri perch\u00e9 il tuo sito web pu\u00f2 venire sospeso dal sistema, potresti avere un virus ed inviare spam oppure potresti esserti dimenticato di rinnovare il servizio Hosting.<\/p>\n\t\t  \n\t\t<\/div>\n\t  <\/div>\n\t  \n\t<\/div>[\/vc_column_inner][vc_column_inner width=&#8221;1\/3&#8243;]<div class=\"manual_icon_with_title\">\n\t  \n\t  <div class=\"icon_holder top \" style=\"margin-bottom:px;\">\n\t  <a href=\"https:\/\/xlogic.org\/kb\/cat-kb\/risoluzione-problemi-2\/ip-bannato\/\" target=\" _blank\"><span class=\"\"><i class=\"fa fa-ban\" style=\"font-size:px; color:;\"><\/i><\/span><\/a>\n\t  <\/div>\n\t  \n\t  <div class=\"icon_text_holder top\" style=\"padding-left:px;\">\n\t\t<div class=\"icon_text_inner\">\n\t\t  <h5 style=\"font-weight:!important;color:!important;font-size:px!important;text-transform:!important;\">IP Bannato<\/h5>\n\t\t  <p class=\"desc\" style=\"color:;margin-top:px;\">Non riesci pi\u00f9 ad accedere in cPanel e via FTP con le credenziali che hai sempre utilizzato? Non visualizzi il sito? Non funziona la posta? Probabilmente il tuo ip \u00e8 stato bannato, scopri come rimuoverlo.<\/p>\n\t\t  \n\t\t<\/div>\n\t  <\/div>\n\t  \n\t<\/div>[\/vc_column_inner][\/vc_row_inner][vc_row_inner][vc_column_inner width=&#8221;1\/3&#8243;]<div class=\"manual_icon_with_title\">\n\t  \n\t  <div class=\"icon_holder top \" style=\"margin-bottom:px;\">\n\t  <a href=\"https:\/\/xlogic.org\/kb\/cat-kb\/risoluzione-problemi-2\/ftp\/\" target=\" _blank\"><span class=\"\"><i class=\"fa fa-folder-open\" style=\"font-size:px; color:;\"><\/i><\/span><\/a>\n\t  <\/div>\n\t  \n\t  <div class=\"icon_text_holder top\" style=\"padding-left:px;\">\n\t\t<div class=\"icon_text_inner\">\n\t\t  <h5 style=\"font-weight:!important;color:!important;font-size:px!important;text-transform:!important;\">Errori FTP<\/h5>\n\t\t  <p class=\"desc\" style=\"color:;margin-top:px;\">Il Servizio FTP scarica e carica i files molto lentamente? La sessione FTP viene disconnessa automaticamente? Oppure ricevi l'errore critico: Impossibile collegarsi al Server?<\/p>\n\t\t  \n\t\t<\/div>\n\t  <\/div>\n\t  \n\t<\/div>[\/vc_column_inner][vc_column_inner width=&#8221;1\/3&#8243;]<div class=\"manual_icon_with_title\">\n\t  \n\t  <div class=\"icon_holder top \" style=\"margin-bottom:px;\">\n\t  <a href=\"https:\/\/xlogic.org\/kb\/cat-kb\/risoluzione-problemi-2\/cpanel-risoluzione-problemi-2\/\" target=\" _blank\"><span class=\"\"><i class=\"fa fa-wrench\" style=\"font-size:px; color:;\"><\/i><\/span><\/a>\n\t  <\/div>\n\t  \n\t  <div class=\"icon_text_holder top\" style=\"padding-left:px;\">\n\t\t<div class=\"icon_text_inner\">\n\t\t  <h5 style=\"font-weight:!important;color:!important;font-size:px!important;text-transform:!important;\">Problemi cPanel<\/h5>\n\t\t  <p class=\"desc\" style=\"color:;margin-top:px;\">Non riesci ad accedere in cPanel? Non visualizzi correttamente le icone di cPanel? Scopri che cos'\u00e8 il file .htaccess, il file di error_log e come disabilitare ModSecurity e la Greylist.<\/p>\n\t\t  \n\t\t<\/div>\n\t  <\/div>\n\t  \n\t<\/div>[\/vc_column_inner][vc_column_inner width=&#8221;1\/3&#8243;]<div class=\"manual_icon_with_title\">\n\t  \n\t  <div class=\"icon_holder top \" style=\"margin-bottom:px;\">\n\t  <a href=\"https:\/\/xlogic.org\/kb\/cat-kb\/risoluzione-problemi-2\/mail\/\" target=\" _blank\"><span class=\"\"><i class=\"fa fa-envelope\" style=\"font-size:px; color:;\"><\/i><\/span><\/a>\n\t  <\/div>\n\t  \n\t  <div class=\"icon_text_holder top\" style=\"padding-left:px;\">\n\t\t<div class=\"icon_text_inner\">\n\t\t  <h5 style=\"font-weight:!important;color:!important;font-size:px!important;text-transform:!important;\">Problemi Email<\/h5>\n\t\t  <p class=\"desc\" style=\"color:;margin-top:px;\">Hai problemi con la posta in entrata o in uscita? Hai problemi con la Webmail o con il Client di Posta? Ricevi mail in Spam o hai scoperto che stai inviando Spam? Scopri come risolvere tutti i problemi.<\/p>\n\t\t  \n\t\t<\/div>\n\t  <\/div>\n\t  \n\t<\/div>[\/vc_column_inner][\/vc_row_inner][\/vc_column][\/vc_row][\/vc_section][vc_section css=&#8221;.vc_custom_1508483342042{margin-top: -150px !important;border-top-width: -150px !important;padding-top: -150px !important;}&#8221;][vc_row row_type=&#8221;row&#8221; stretch_row_type=&#8221;no&#8221; css=&#8221;.vc_custom_1505474976375{margin-top: 40px !important;border-top-width: 40px !important;padding-top: 40px !important;}&#8221;][vc_column][vc_separator][vc_column_text css_animation=&#8221;none&#8221;]<\/p>\n<h2 style=\"text-align: center;\"><span style=\"font-size: 24pt;\"><strong>Non sai come risolvere il problema?<\/strong><\/span><\/h2>\n<p>[\/vc_column_text][vc_column_text css_animation=&#8221;none&#8221; css=&#8221;.vc_custom_1576148927395{margin-bottom: 55px !important;}&#8221;]<\/p>\n<p style=\"text-align: center;\">Contatta subito i nostri esperti, sono a tua completa disposizione!<\/p>\n<p>[\/vc_column_text][\/vc_column][\/vc_row][\/vc_section][vc_row css_animation=&#8221;none&#8221; row_type=&#8221;row&#8221; stretch_row_type=&#8221;no&#8221; css=&#8221;.vc_custom_1505985578639{margin-bottom: -70px !important;border-bottom-width: -70px !important;padding-bottom: -70px !important;background-color: #ffffff !important;}&#8221;][vc_column css_animation=&#8221;none&#8221; width=&#8221;1\/4&#8243;]<div class=\"manual_icon_with_title\">\n\t  \n\t  <div class=\"icon_holder top \" style=\"margin-bottom:px;\">\n\t  <a href=\"mailto:info@xlogic.org\" target=\" _blank\"><span class=\"\"><i class=\"icon-envelope\" style=\"font-size:60px; color:#4bb18a;\"><\/i><\/span><\/a>\n\t  <\/div>\n\t  \n\t  <div class=\"icon_text_holder top\" style=\"padding-left:px;\">\n\t\t<div class=\"icon_text_inner\">\n\t\t  <h5 style=\"font-weight:700!important;color:#d1d1d1!important;font-size:px!important;text-transform:!important;\">Contattaci via mail<\/h5>\n\t\t  <p class=\"desc\" style=\"color:#d1d1d1;margin-top:px;\">Per qualsiasi informazione contattaci via mail senza impegno<\/p>\n\t\t  \n\t\t<\/div>\n\t  <\/div>\n\t  \n\t<\/div>[\/vc_column][vc_column css_animation=&#8221;none&#8221; width=&#8221;1\/4&#8243;]<div class=\"manual_icon_with_title\">\n\t  \n\t  <div class=\"icon_holder top \" style=\"margin-bottom:px;\">\n\t  <a href=\"https:\/\/xlogic.org\/supporto.html\" target=\" _blank\"><span class=\"\"><i class=\"icon-chat\" style=\"font-size:60px; color:#4bb18a;\"><\/i><\/span><\/a>\n\t  <\/div>\n\t  \n\t  <div class=\"icon_text_holder top\" style=\"padding-left:px;\">\n\t\t<div class=\"icon_text_inner\">\n\t\t  <h5 style=\"font-weight:700!important;color:#d1d1d1!important;font-size:px!important;text-transform:!important;\">Chattiamo?<\/h5>\n\t\t  <p class=\"desc\" style=\"color:#d1d1d1;margin-top:px;\">Un operatore \u00e8 a disposizione in Chat per info commerciali (Lun-Ven)<\/p>\n\t\t  \n\t\t<\/div>\n\t  <\/div>\n\t  \n\t<\/div>[\/vc_column][vc_column css_animation=&#8221;none&#8221; width=&#8221;1\/4&#8243;]<div class=\"manual_icon_with_title\">\n\t  \n\t  <div class=\"icon_holder top \" style=\"margin-bottom:px;\">\n\t  <a href=\"https:\/\/xlogic.org\/kb\/knowledgebase\/come-aprire-un-ticket\/\" target=\" _blank\"><span class=\"\"><i class=\"icon-pencil\" style=\"font-size:60px; color:#4bb18a;\"><\/i><\/span><\/a>\n\t  <\/div>\n\t  \n\t  <div class=\"icon_text_holder top\" style=\"padding-left:px;\">\n\t\t<div class=\"icon_text_inner\">\n\t\t  <h5 style=\"font-weight:700!important;color:#d1d1d1!important;font-size:px!important;text-transform:!important;\">Scrivici un ticket<\/h5>\n\t\t  <p class=\"desc\" style=\"color:#d1d1d1;margin-top:px;\">Apri un ticket all'assistenza, ti risponderemo in un batter d'occhio<\/p>\n\t\t  \n\t\t<\/div>\n\t  <\/div>\n\t  \n\t<\/div>[\/vc_column][vc_column css_animation=&#8221;none&#8221; width=&#8221;1\/4&#8243;]<div class=\"manual_icon_with_title\">\n\t  \n\t  <div class=\"icon_holder top \" style=\"margin-bottom:px;\">\n\t  <a href=\"https:\/\/xlogic.org\/come-pagare.html\" target=\" _blank\"><span class=\"\"><i class=\"icon-lock\" style=\"font-size:60px; color:#4bb18a;\"><\/i><\/span><\/a>\n\t  <\/div>\n\t  \n\t  <div class=\"icon_text_holder top\" style=\"padding-left:px;\">\n\t\t<div class=\"icon_text_inner\">\n\t\t  <h5 style=\"font-weight:700!important;color:#d1d1d1!important;font-size:px!important;text-transform:!important;\">Metodo di pagamento<\/h5>\n\t\t  <p class=\"desc\" style=\"color:#d1d1d1;margin-top:px;\">Scopri le modalit\u00e0 di pagamento accettate da Xlogic<\/p>\n\t\t  \n\t\t<\/div>\n\t  <\/div>\n\t  \n\t<\/div>[\/vc_column][\/vc_row]<\/p>\n","protected":false},"excerpt":{"rendered":"<p>[vc_row row_type=&#8221;row&#8221; stretch_row_type=&#8221;yes&#8221; background_color=&#8221;#ffffff&#8221; border_color=&#8221;#ffffff&#8221; css=&#8221;.vc_custom_1516636429322{background-color: #ffffff !important;}&#8221;][vc_column css_animation=&#8221;none&#8221; width=&#8221;1\/3&#8243;][\/vc_column][vc_column css_animation=&#8221;none&#8221; width=&#8221;1\/3&#8243;][\/vc_column][vc_column css_animation=&#8221;none&#8221; width=&#8221;1\/3&#8243;][\/vc_column][\/vc_row][vc_row row_type=&#8221;row&#8221; stretch_row_type=&#8221;no&#8221; css=&#8221;.vc_custom_1507803276692{margin-top: 20px !important;margin-bottom: 100px !important;border-top-width: 20px !important;padding-top: 20px !important;}&#8221;][vc_column css_animation=&#8221;none&#8221; css=&#8221;.vc_custom_1516704895783{margin-top: -20px !important;border-top-width: -20px !important;padding-top: -20px !important;background-color: #fcfcfc !important;}&#8221;][vc_column_text css_animation=&#8221;none&#8221;] || Visualizza tutte le categorie || [\/vc_column_text][\/vc_column][\/vc_row][vc_section][vc_row row_type=&#8221;row&#8221; stretch_row_type=&#8221;no&#8221;][vc_column][vc_separator][vc_column_text css_animation=&#8221;none&#8221;] Problemi sul tuo sito web? [\/vc_column_text][vc_column_text css_animation=&#8221;none&#8221; css=&#8221;.vc_custom_1612812864964{margin-bottom: 55px [&hellip;]<\/p>\n","protected":false},"author":1,"featured_media":0,"parent":0,"menu_order":0,"comment_status":"closed","ping_status":"closed","template":"","meta":{"_bbp_topic_count":0,"_bbp_reply_count":0,"_bbp_total_topic_count":0,"_bbp_total_reply_count":0,"_bbp_voice_count":0,"_bbp_anonymous_reply_count":0,"_bbp_topic_count_hidden":0,"_bbp_reply_count_hidden":0,"_bbp_forum_subforum_count":0,"_lmt_disableupdate":"no","_lmt_disable":"","footnotes":""},"class_list":["post-41","page","type-page","status-publish","hentry"],"_links":{"self":[{"href":"https:\/\/xlogic.org\/kb\/wp-json\/wp\/v2\/pages\/41","targetHints":{"allow":["GET"]}}],"collection":[{"href":"https:\/\/xlogic.org\/kb\/wp-json\/wp\/v2\/pages"}],"about":[{"href":"https:\/\/xlogic.org\/kb\/wp-json\/wp\/v2\/types\/page"}],"author":[{"embeddable":true,"href":"https:\/\/xlogic.org\/kb\/wp-json\/wp\/v2\/users\/1"}],"replies":[{"embeddable":true,"href":"https:\/\/xlogic.org\/kb\/wp-json\/wp\/v2\/comments?post=41"}],"version-history":[{"count":0,"href":"https:\/\/xlogic.org\/kb\/wp-json\/wp\/v2\/pages\/41\/revisions"}],"wp:attachment":[{"href":"https:\/\/xlogic.org\/kb\/wp-json\/wp\/v2\/media?parent=41"}],"curies":[{"name":"wp","href":"https:\/\/api.w.org\/{rel}","templated":true}]}}