{"id":2895,"date":"2017-12-12T11:24:54","date_gmt":"2017-12-12T10:24:54","guid":{"rendered":"https:\/\/xlogic.org\/kb\/?page_id=2895"},"modified":"2023-12-29T13:14:38","modified_gmt":"2023-12-29T12:14:38","slug":"dominio","status":"publish","type":"page","link":"https:\/\/xlogic.org\/kb\/dominio\/","title":{"rendered":"Dominio"},"content":{"rendered":"<p>[vc_row row_type=&#8221;row&#8221; stretch_row_type=&#8221;no&#8221;][vc_column][vc_column_text]<\/p>\n<h2 style=\"text-align: center;\"><strong>Che cos&#8217;\u00e8 un dominio<\/strong><\/h2>\n<p>[\/vc_column_text][vc_column_text]<\/p>\n<h5 style=\"text-align: center;\">Il dominio \u00e8 una sequenza di lettere e numeri che determinano il nome del sito web; \u00e8 necessario registrarlo ed acquistare il piano Hosting per poter rendere visibile il sito.<\/h5>\n<p>[\/vc_column_text][\/vc_column][\/vc_row][vc_row row_type=&#8221;row&#8221; stretch_row_type=&#8221;no&#8221;][vc_column width=&#8221;1\/2&#8243; css=&#8221;.vc_custom_1513075172837{background-color: #f7f8f9 !important;}&#8221;]<div class=\"manual_icon_with_title\">\n\t  \n\t  <div class=\"icon_holder top \" style=\"margin-bottom:px;\">\n\t  <a href=\"https:\/\/xlogic.org\/kb\/come-registrare-un-dominio\/\" target=\" _blank\"><span class=\"\"><i class=\"fa fa-registered\" style=\"font-size:; color:;\"><\/i><\/span><\/a>\n\t  <\/div>\n\t  \n\t  <div class=\"icon_text_holder top\" style=\"padding-left:px;\">\n\t\t<div class=\"icon_text_inner\">\n\t\t  <h5 style=\"font-weight:600!important;color:#000000!important;font-size:px!important;text-transform:!important;\">Registrazione Dominio<\/h5>\n\t\t  <p class=\"desc\" style=\"color:;margin-top:px;\">Per poter rendere visibile il sito web \u00e8 necessario acquistare il piano hosting ed il dominio, scopri come registrare il dominio.<\/p>\n\t\t  \n\t\t<\/div>\n\t  <\/div>\n\t  \n\t<\/div>[\/vc_column][vc_column width=&#8221;1\/2&#8243; css=&#8221;.vc_custom_1513075188056{background-color: rgba(161,223,116,0.19) !important;*background-color: rgb(161,223,116) !important;}&#8221;]<div class=\"manual_icon_with_title\">\n\t  \n\t  <div class=\"icon_holder top \" style=\"margin-bottom:px;\">\n\t  <a href=\"https:\/\/xlogic.org\/kb\/come-trasferire-un-dominio\/\" target=\" _blank\"><span class=\"\"><i class=\"fa fa-exchange\" style=\"font-size:; color:;\"><\/i><\/span><\/a>\n\t  <\/div>\n\t  \n\t  <div class=\"icon_text_holder top\" style=\"padding-left:px;\">\n\t\t<div class=\"icon_text_inner\">\n\t\t  <h5 style=\"font-weight:600!important;color:#000000!important;font-size:px!important;text-transform:!important;\">Trasferimento Dominio<\/h5>\n\t\t  <p class=\"desc\" style=\"color:;margin-top:px;\">Per poter trasferire il dominio \u00e8 necessario possedere il codice Auth e bisogno assicurarsi che il dominio non sia scaduto, bloccato e protetto da whois.<\/p>\n\t\t  \n\t\t<\/div>\n\t  <\/div>\n\t  \n\t<\/div>[\/vc_column][\/vc_row][vc_row row_type=&#8221;row&#8221; stretch_row_type=&#8221;no&#8221;][vc_column css=&#8221;.vc_custom_1513075717166{margin-top: 30px !important;border-top-width: 30px !important;padding-top: 30px !important;}&#8221;][vc_separator][vc_column_text]<\/p>\n<h2 style=\"text-align: center;\"><strong>Come gestire il rinnovo del dominio<\/strong><\/h2>\n<p>[\/vc_column_text][vc_column_text]<\/p>\n<h5 style=\"text-align: center;\">Ogni anno il dominio deve essere rinnovato, se il rinnovo non \u00e8 automatico devi creare la fattura dall&#8217;area clienti prima della scadenza, altrimenti se \u00e8 stato impostato nella modalit\u00e0 &#8220;automatico&#8221;, riceverai automaticamente la fattura da saldare.<\/h5>\n<p>[\/vc_column_text][\/vc_column][\/vc_row][vc_row row_type=&#8221;row&#8221; stretch_row_type=&#8221;no&#8221;][vc_column width=&#8221;1\/2&#8243;]<div class=\"manual_icon_with_title\">\n\t  \n\t  <div class=\"icon_holder top \" style=\"margin-bottom:px;\">\n\t  <a href=\"https:\/\/xlogic.org\/kb\/knowledgebase\/come-rinnovare-un-dominio\/\" target=\" _blank\"><span class=\"\"><i class=\"fa fa-circle-o\" style=\"font-size:; color:;\"><\/i><\/span><\/a>\n\t  <\/div>\n\t  \n\t  <div class=\"icon_text_holder top\" style=\"padding-left:px;\">\n\t\t<div class=\"icon_text_inner\">\n\t\t  <h5 style=\"font-weight:600!important;color:#000000!important;font-size:px!important;text-transform:!important;\">Rinnovo Manuale<\/h5>\n\t\t  <p class=\"desc\" style=\"color:;margin-top:px;\">Per poter rendere visibile il sito web \u00e8 necessario acquistare il piano hosting ed il dominio, scopri come registrare il dominio.<\/p>\n\t\t  \n\t\t<\/div>\n\t  <\/div>\n\t  \n\t<\/div>[\/vc_column][vc_column width=&#8221;1\/2&#8243;]<div class=\"manual_icon_with_title\">\n\t  \n\t  <div class=\"icon_holder top \" style=\"margin-bottom:px;\">\n\t  <a href=\"https:\/\/xlogic.org\/kb\/knowledgebase\/come-abilitare-o-disabilitare-il-rinnovo-automatico-di-un-dominio\/\" target=\" _blank\"><span class=\"\"><i class=\"fa fa-circle\" style=\"font-size:; color:;\"><\/i><\/span><\/a>\n\t  <\/div>\n\t  \n\t  <div class=\"icon_text_holder top\" style=\"padding-left:px;\">\n\t\t<div class=\"icon_text_inner\">\n\t\t  <h5 style=\"font-weight:600!important;color:#000000!important;font-size:px!important;text-transform:!important;\">Rinnovo Automatico<\/h5>\n\t\t  <p class=\"desc\" style=\"color:;margin-top:px;\">Per poter trasferire il dominio \u00e8 necessario possedere il codice Auth e bisogno assicurarsi che il dominio non sia scaduto, bloccato e protetto da whois.<\/p>\n\t\t  \n\t\t<\/div>\n\t  <\/div>\n\t  \n\t<\/div>[\/vc_column][\/vc_row][vc_row row_type=&#8221;row&#8221; stretch_row_type=&#8221;no&#8221;][vc_column css=&#8221;.vc_custom_1513075717166{margin-top: 30px !important;border-top-width: 30px !important;padding-top: 30px !important;}&#8221;][vc_separator][vc_column_text]<\/p>\n<h2 style=\"text-align: center;\"><strong>Dominio scaduto<\/strong><\/h2>\n<p>[\/vc_column_text][\/vc_column][\/vc_row][vc_row row_type=&#8221;row&#8221; stretch_row_type=&#8221;no&#8221;][vc_column][vc_toggle title=&#8221;ENTRO 30 GIORNI DALLA SCADENZA&#8221; open=&#8221;true&#8221;]<\/p>\n<h6>Se il dominio scade, sar\u00e0 possibile rinnovarlo entro 30 giorni dalla scadenza ma il Registrar in qualsiasi momento potrebbe bloccarlo senza preavviso con la conseguente richiesta di un importo addizionale per lo sblocco.<\/h6>\n<p>[\/vc_toggle][vc_toggle title=&#8221;DOPO 60 GIORNI DAL RINNOVO&#8221; open=&#8221;true&#8221;]<\/p>\n<h6>Se non hai rinnovato il dominio, dopo 30 giorni verr\u00e0 cancellato dal Registrar e non potrai pi\u00f9 rinnovarlo, mentre se hai rinnovato il dominio, dopo 60 giorni potrai trasferirlo presso un altro Provider.<\/h6>\n<p>[\/vc_toggle][vc_toggle title=&#8221;DOPO 90 GIORNI DALLA SCADENZA&#8221; open=&#8221;true&#8221;]<\/p>\n<h6>Il dominio torner\u00e0 disponibile dopo 90 giorni dalla scadenza naturale, ci\u00f2 significa che chiunque potr\u00e0 registrare quel determinato dominio senza alcun costo aggiuntivo.<\/h6>\n<p>[\/vc_toggle][\/vc_column][\/vc_row][vc_row row_type=&#8221;row&#8221; stretch_row_type=&#8221;no&#8221;][vc_column][vc_tta_tour][vc_tta_section title=&#8221;Fatturazione&#8221; tab_id=&#8221;1513082396281-3174da6f-415f&#8221;][vc_column_text]Non \u00e8 possibile emettere la fattura manualmente dalla propria area clienti se il dominio \u00e8 scaduto, quindi \u00e8 importante che ci contatti immediatamente richiedendo l&#8217;emissione della fattura relativa al rinnovo del dominio scaduto.[\/vc_column_text][\/vc_tta_section][vc_tta_section title=&#8221;Metodo di pagamento&#8221; tab_id=&#8221;1513082396344-7b00d2ae-f6c2&#8243;][vc_column_text]E&#8217; possibile pagare la fattura relativa al dominio scaduto con carta di credito, PayPal o Bonifico bancario.<\/p>\n<p>Il Team di Xlogic ti consiglia di saldare la fattura con carta di credito o PayPal in maniera tale da permetterci di rinnovare il dominio scaduto subito dopo il pagamento.[\/vc_column_text][\/vc_tta_section][vc_tta_section title=&#8221;Tempistiche di pagamento&#8221; tab_id=&#8221;1513082444931-e8135e52-c54c&#8221;][vc_column_text]Il team di Xlogic ti consiglia di non pagare la fattura mediante Bonifico Bancario.<\/p>\n<p>Non possiamo rinnovare i servizi scaduti solamente con la copia del bonifico pertanto siamo costretti ad attendere che il bonifico arrivi fisicamente in banca.<\/p>\n<p>Il Registrar potrebbe bloccare il dominio in qualsiasi momento quindi \u00e8 meglio non rischiare pagando la fattura immediatamente con carta di credito o PayPal.[\/vc_column_text][\/vc_tta_section][\/vc_tta_tour][\/vc_column][\/vc_row][vc_row row_type=&#8221;row&#8221; stretch_row_type=&#8221;no&#8221;][vc_column][vc_separator][vc_column_text]<\/p>\n<h2 style=\"text-align: center;\"><strong>Domini aggiuntivi e Sottodomini<\/strong><\/h2>\n<p>[\/vc_column_text][vc_column_text]<\/p>\n<h5 style=\"text-align: center;\">Se il tuo piano Hosting \u00e8 multidominio potrai aggiungere pi\u00f9 domini all&#8217;interno e potrai creare pi\u00f9 siti web con solamente un piano attivo; inoltre potrai aggiungere quanti sottodomini vorrai.<\/h5>\n<p>[\/vc_column_text][\/vc_column][\/vc_row][vc_row row_type=&#8221;row&#8221; stretch_row_type=&#8221;no&#8221;][vc_column width=&#8221;1\/3&#8243;]<div class=\"manual_icon_with_title\">\n\t  \n\t  <div class=\"icon_holder  \" style=\"margin-bottom:px;width: 100%;display: -webkit-box;\">\n\t\t<a href=\"https:\/\/xlogic.org\/kb\/come-aggiungere-un-dominio-nel-tuo-piano-hosting\/\" target=\" _blank\"><span class=\"\"><i class=\"fa fa-plus-circle\" style=\"font-size:px; color:#4bb18a;padding: 0 20px 0 0;\"><\/i><\/span><\/a>\n\t\t<h5 style=\"font-weight:600!important;color:#000000!important;font-size:Per poter collegare un dominio aggiuntivo al piano Hosting \u00e8 necessario accedere nel pannello di controllo cPanel ed aggiungere il dominio.px!important;text-transform:!important;\">Dominio aggiuntivo<\/h5>\n\t  <\/div>\n\t  \n\t  <div class=\"icon_text_holder \" style=\"padding:0px;padding-top:10px; clear: both;\">\n\t\t<div class=\"icon_text_inner\" style=\"margin-top:px;\">\n\t\t  <p class=\"desc\" style=\"color:#000000;\">Per poter collegare un dominio aggiuntivo al piano Hosting \u00e8 necessario accedere nel pannello di controllo cPanel ed aggiungere il dominio.<\/p>\n\t\t  \n\t\t<\/div>\n\t  <\/div>\n\t  \n\t<\/div>[\/vc_column][vc_column width=&#8221;1\/3&#8243;]<div class=\"manual_icon_with_title\">\n\t  \n\t  <div class=\"icon_holder  \" style=\"margin-bottom:px;width: 100%;display: -webkit-box;\">\n\t\t<a href=\"https:\/\/xlogic.org\/kb\/come-creare-un-sottodominio\/\" target=\" _blank\"><span class=\"\"><i class=\"fa fa-puzzle-piece\" style=\"font-size:px; color:#4bb18a;padding: 0 20px 0 0;\"><\/i><\/span><\/a>\n\t\t<h5 style=\"font-weight:600!important;color:#000000!important;font-size:px!important;text-transform:!important;\">Sottodominio<\/h5>\n\t  <\/div>\n\t  \n\t  <div class=\"icon_text_holder \" style=\"padding:0px;padding-top:10px; clear: both;\">\n\t\t<div class=\"icon_text_inner\" style=\"margin-top:px;\">\n\t\t  <p class=\"desc\" style=\"color:#000000;\">Un sottodominio \u00e8 un dominio che sta al di sotto del dominio principale, su Xlogic \u00e8 possibile crearne illimitatamente da cPanel.<\/p>\n\t\t  \n\t\t<\/div>\n\t  <\/div>\n\t  \n\t<\/div>[\/vc_column][vc_column width=&#8221;1\/3&#8243;]<div class=\"manual_icon_with_title\">\n\t  \n\t  <div class=\"icon_holder  \" style=\"margin-bottom:px;width: 100%;display: -webkit-box;\">\n\t\t<a href=\"https:\/\/xlogic.org\/kb\/come-effettuare-un-redirect\/\" target=\" _blank\"><span class=\"\"><i class=\"fa fa-arrows-h\" style=\"font-size:px; color:#4bb18a;padding: 0 20px 0 0;\"><\/i><\/span><\/a>\n\t\t<h5 style=\"font-weight:600!important;color:#000000!important;font-size:px!important;text-transform:!important;\">Reindirizzamento<\/h5>\n\t  <\/div>\n\t  \n\t  <div class=\"icon_text_holder \" style=\"padding:0px;padding-top:10px; clear: both;\">\n\t\t<div class=\"icon_text_inner\" style=\"margin-top:px;\">\n\t\t  <p class=\"desc\" style=\"color:#000000;\">Il Redirect \u00e8 una funzione che consente di reindirizzare le persone che visitano un sito web su un altro sito con un nome a dominio differente.<\/p>\n\t\t  \n\t\t<\/div>\n\t  <\/div>\n\t  \n\t<\/div>[\/vc_column][\/vc_row][vc_row row_type=&#8221;row&#8221; stretch_row_type=&#8221;no&#8221;][vc_column][vc_separator][vc_column_text]<\/p>\n<h2 style=\"text-align: center;\"><strong>FAQ Dominio<\/strong><\/h2>\n<p>[\/vc_column_text][\/vc_column][\/vc_row][vc_row row_type=&#8221;row&#8221; stretch_row_type=&#8221;no&#8221;][vc_column][\/vc_column][\/vc_row][vc_row row_type=&#8221;row&#8221; stretch_row_type=&#8221;no&#8221;][vc_column]<div class=\" masonry-vc-grid-four body-content\"><div class=\"col-md-4 masonry-item\"><div class=\"knowledgebase-body\"><h5><a href=\"https:\/\/xlogic.org\/kb\/cat-kb\/dominio\/registrazione-dominio\/\">- Registrazione dominio<\/a> <\/h5> <span class=\"separator small\"><\/span><ul class=\"kbse\"><li class=\"cat inner\"> <a href=\"https:\/\/xlogic.org\/kb\/knowledgebase\/a-chi-appartiene-un-dominio-registrato\/\">A chi appartiene un dominio registrato<\/a> <\/li><li class=\"cat inner\"> <a href=\"https:\/\/xlogic.org\/kb\/knowledgebase\/chi-puo-registrare-un-dominio-it\/\">Chi pu\u00f2 registrare un dominio .it?<\/a> <\/li><li class=\"cat inner\"> <a href=\"https:\/\/xlogic.org\/kb\/knowledgebase\/come-faccio-a-sapere-se-un-dominio-e-gia-registrato\/\">Come faccio a sapere se un dominio \u00e8 gi\u00e0 registrato?<\/a> <\/li><\/ul><div style=\"padding:10px 0px;\"> <a href=\"https:\/\/xlogic.org\/kb\/cat-kb\/dominio\/registrazione-dominio\/\" class=\"custom-link hvr-icon-wobble-horizontal kblnk\" >Visualizza tutti 9 <\/a><\/div><\/div><\/div><div class=\"col-md-4 masonry-item\"><div class=\"knowledgebase-body\"><h5><a href=\"https:\/\/xlogic.org\/kb\/cat-kb\/dominio\/trasferimento-dominio\/\">- Trasferimento dominio<\/a> <\/h5> <span class=\"separator small\"><\/span><ul class=\"kbse\"><li class=\"cat inner\"> <a href=\"https:\/\/xlogic.org\/kb\/knowledgebase\/quali-sono-le-fasi-del-trasferimento-di-un-dominio-it\/\">Quali sono le fasi del trasferimento di un dominio .it?<\/a> <\/li><li class=\"cat inner\"> <a href=\"https:\/\/xlogic.org\/kb\/knowledgebase\/come-trasferire-un-dominio\/\">Come trasferire un dominio<\/a> <\/li><li class=\"cat inner\"> <a href=\"https:\/\/xlogic.org\/kb\/knowledgebase\/tempistiche-trasferimento-dominio-presso-xlogic\/\">Tempistiche trasferimento dominio presso Xlogic<\/a> <\/li><\/ul><div style=\"padding:10px 0px;\"> <a href=\"https:\/\/xlogic.org\/kb\/cat-kb\/dominio\/trasferimento-dominio\/\" class=\"custom-link hvr-icon-wobble-horizontal kblnk\" >Visualizza tutti 4 <\/a><\/div><\/div><\/div><div class=\"col-md-4 masonry-item\"><div class=\"knowledgebase-body\"><h5><a href=\"https:\/\/xlogic.org\/kb\/cat-kb\/dominio\/rinnovo-e-scadenze-dominio\/\">- Rinnovo e scadenze dominio<\/a> <\/h5> <span class=\"separator small\"><\/span><ul class=\"kbse\"><li class=\"cat inner\"> <a href=\"https:\/\/xlogic.org\/kb\/knowledgebase\/come-abilitare-o-disabilitare-il-rinnovo-automatico-di-un-dominio\/\">Come abilitare o disabilitare il rinnovo automatico di un dominio<\/a> <\/li><li class=\"cat inner\"> <a href=\"https:\/\/xlogic.org\/kb\/knowledgebase\/come-rinnovare-un-dominio\/\">Come rinnovare un dominio<\/a> <\/li><li class=\"cat inner\"> <a href=\"https:\/\/xlogic.org\/kb\/knowledgebase\/cosa-succede-se-il-mio-dominio-scade\/\">Cosa succede se il mio dominio scade<\/a> <\/li><\/ul><div style=\"padding:10px 0px;\"> <a href=\"https:\/\/xlogic.org\/kb\/cat-kb\/dominio\/rinnovo-e-scadenze-dominio\/\" class=\"custom-link hvr-icon-wobble-horizontal kblnk\" >Visualizza tutti 8 <\/a><\/div><\/div><\/div><\/div><\/div><div class=\" masonry-vc-grid-four body-content\"><div class=\"col-md-4 masonry-item\"><div class=\"knowledgebase-body\"><h5><a href=\"https:\/\/xlogic.org\/kb\/cat-kb\/dominio\/cambio-assegnatario-dominio\/\">- Cambio assegnatario dominio<\/a> <\/h5> <span class=\"separator small\"><\/span><ul class=\"kbse\"><li class=\"cat inner\"> <a href=\"https:\/\/xlogic.org\/kb\/knowledgebase\/posso-intestare-il-mio-dominio-ad-unaltra-persona\/\">Posso intestare il mio dominio ad un\u2019altra persona?<\/a> <\/li><li class=\"cat inner\"> <a href=\"https:\/\/xlogic.org\/kb\/knowledgebase\/cambio-assegnatario-dominio\/\">Chi pu\u00f2 richiedere il cambio assegnatario del dominio<\/a> <\/li><li class=\"cat inner\"> <a href=\"https:\/\/xlogic.org\/kb\/knowledgebase\/quando-non-e-possibile-intestare-il-dominio-ad-unaltra-persona\/\">Quando non \u00e8 possibile intestare il dominio ad un\u2019altra persona<\/a> <\/li><\/ul><div style=\"padding:10px 0px;\"> <a href=\"https:\/\/xlogic.org\/kb\/cat-kb\/dominio\/cambio-assegnatario-dominio\/\" class=\"custom-link hvr-icon-wobble-horizontal kblnk\" >Visualizza tutti 3 <\/a><\/div><\/div><\/div><div class=\"col-md-4 masonry-item\"><div class=\"knowledgebase-body\"><h5><a href=\"https:\/\/xlogic.org\/kb\/cat-kb\/dominio\/codice-auth\/\">- Codice Auth<\/a> <\/h5> <span class=\"separator small\"><\/span><ul class=\"kbse\"><li class=\"cat inner\"> <a href=\"https:\/\/xlogic.org\/kb\/knowledgebase\/esiste-il-codice-di-autorizzazione-auth-code-epp-code-per-i-domini-eu\/\">Esiste il codice di autorizzazione (Auth-code \/ EPP Code) per i domini .eu?<\/a> <\/li><li class=\"cat inner\"> <a href=\"https:\/\/xlogic.org\/kb\/knowledgebase\/per-quali-domini-e-previsto-il-codice-di-autorizzazione-auth-codecode-eep-e-a-cosa-serve\/\">Per quali domini \u00e8 previsto il codice di autorizzazione (Auth-Code\/Code EEP) e a cosa serve?<\/a> <\/li><li class=\"cat inner\"> <a href=\"https:\/\/xlogic.org\/kb\/knowledgebase\/dove-trovo-il-codice-auth-o-epp-per-trasferire-il-sito-presso-un-altro-provider\/\">Dove trovo il codice Auth o EPP per trasferire il sito presso un altro Provider?<\/a> <\/li><\/ul><div style=\"padding:10px 0px;\"> <a href=\"https:\/\/xlogic.org\/kb\/cat-kb\/dominio\/codice-auth\/\" class=\"custom-link hvr-icon-wobble-horizontal kblnk\" >Visualizza tutti 6 <\/a><\/div><\/div><\/div><div class=\"col-md-4 masonry-item\"><div class=\"knowledgebase-body\"><h5><a href=\"https:\/\/xlogic.org\/kb\/cat-kb\/dominio\/informazioni-dominio-e-whois\/\">- Informazioni Dominio e Whois<\/a> <\/h5> <span class=\"separator small\"><\/span><ul class=\"kbse\"><li class=\"cat inner\"> <a href=\"https:\/\/xlogic.org\/kb\/knowledgebase\/e-possibile-attivare-il-whois-privato\/\">E\u2019 possibile attivare il Whois Privato<\/a> <\/li><li class=\"cat inner\"> <a href=\"https:\/\/xlogic.org\/kb\/knowledgebase\/dove-posso-vedere-a-chi-appartiene-un-dominio\/\">Come posso verificare l\u2019intestatario del dominio<\/a> <\/li><li class=\"cat inner\"> <a href=\"https:\/\/xlogic.org\/kb\/knowledgebase\/dove-posso-verificare-lo-stato-del-dominio\/\">Dove posso verificare lo stato del dominio<\/a> <\/li><\/ul><div style=\"padding:10px 0px;\"> <a href=\"https:\/\/xlogic.org\/kb\/cat-kb\/dominio\/informazioni-dominio-e-whois\/\" class=\"custom-link hvr-icon-wobble-horizontal kblnk\" >Visualizza tutti 5 <\/a><\/div><\/div><\/div><\/div><\/div><div class=\" masonry-vc-grid-four body-content\"><div class=\"col-md-4 masonry-item\"><div class=\"knowledgebase-body\"><h5><a href=\"https:\/\/xlogic.org\/kb\/cat-kb\/dominio\/\">Dominio<\/a> <\/h5> <span class=\"separator small\"><\/span><ul class=\"kbse\"><li class=\"cat inner\"> <a href=\"https:\/\/xlogic.org\/kb\/knowledgebase\/come-abilitare-o-disabilitare-il-rinnovo-automatico-di-un-dominio\/\">Come abilitare o disabilitare il rinnovo automatico di un dominio<\/a> <\/li><li class=\"cat inner\"> <a href=\"https:\/\/xlogic.org\/kb\/knowledgebase\/che-cose-un-dominio-xlogic-hosting\/\">Che cos\u2019\u00e8 un dominio \u2013 Xlogic Hosting<\/a> <\/li><li class=\"cat inner\"> <a href=\"https:\/\/xlogic.org\/kb\/knowledgebase\/a-chi-appartiene-un-dominio-registrato\/\">A chi appartiene un dominio registrato<\/a> <\/li><\/ul><div style=\"padding:10px 0px;\"> <a href=\"https:\/\/xlogic.org\/kb\/cat-kb\/dominio\/\" class=\"custom-link hvr-icon-wobble-horizontal kblnk\" >Visualizza tutti 61 <\/a><\/div><\/div><\/div><div class=\"col-md-4 masonry-item\"><div class=\"knowledgebase-body\"><h5><a href=\"https:\/\/xlogic.org\/kb\/cat-kb\/dominio\/gestione-domini\/\">- Gestione domini<\/a> <\/h5> <span class=\"separator small\"><\/span><ul class=\"kbse\"><li class=\"cat inner\"> <a href=\"https:\/\/xlogic.org\/kb\/knowledgebase\/che-cose-un-dominio-xlogic-hosting\/\">Che cos\u2019\u00e8 un dominio \u2013 Xlogic Hosting<\/a> <\/li><li class=\"cat inner\"> <a href=\"https:\/\/xlogic.org\/kb\/knowledgebase\/che-cosa-sono-le-regole-di-naming\/\">Che cosa sono le regole di Naming<\/a> <\/li><li class=\"cat inner\"> <a href=\"https:\/\/xlogic.org\/kb\/knowledgebase\/come-faccio-a-scegliere-il-nome-a-dominio-giusto-per-la-mia-attivita\/\">Come faccio a scegliere il nome a dominio giusto per la mia attivit\u00e0?<\/a> <\/li><\/ul><div style=\"padding:10px 0px;\"> <a href=\"https:\/\/xlogic.org\/kb\/cat-kb\/dominio\/gestione-domini\/\" class=\"custom-link hvr-icon-wobble-horizontal kblnk\" >Visualizza tutti 10 <\/a><\/div><\/div><\/div><div class=\"col-md-4 masonry-item\"><div class=\"knowledgebase-body\"><h5><a href=\"https:\/\/xlogic.org\/kb\/cat-kb\/dominio\/gestione-dns\/\">- Gestione DNS<\/a> <\/h5> <span class=\"separator small\"><\/span><ul class=\"kbse\"><li class=\"cat inner\"> <a href=\"https:\/\/xlogic.org\/kb\/knowledgebase\/cosa-significa-dns\/\">Cosa significa DNS?<\/a> <\/li><li class=\"cat inner\"> <a href=\"https:\/\/xlogic.org\/kb\/knowledgebase\/come-gestire-la-zona-dns-del-piano-hosting\/\">Come gestire la zona DNS del piano Hosting<\/a> <\/li><li class=\"cat inner\"> <a href=\"https:\/\/xlogic.org\/kb\/knowledgebase\/come-modificare-i-name-server-di-un-dominio\/\">Come modificare i Name Server di un dominio<\/a> <\/li><\/ul><div style=\"padding:10px 0px;\"> <a href=\"https:\/\/xlogic.org\/kb\/cat-kb\/dominio\/gestione-dns\/\" class=\"custom-link hvr-icon-wobble-horizontal kblnk\" >Visualizza tutti 16 <\/a><\/div><\/div><\/div><\/div><\/div>[\/vc_column][\/vc_row]<\/p>\n","protected":false},"excerpt":{"rendered":"<p>[vc_row row_type=&#8221;row&#8221; stretch_row_type=&#8221;no&#8221;][vc_column][vc_column_text] Che cos&#8217;\u00e8 un dominio [\/vc_column_text][vc_column_text] Il dominio \u00e8 una sequenza di lettere e numeri che determinano il nome del sito web; \u00e8 necessario registrarlo ed acquistare il piano Hosting per poter rendere visibile il sito. [\/vc_column_text][\/vc_column][\/vc_row][vc_row row_type=&#8221;row&#8221; stretch_row_type=&#8221;no&#8221;][vc_column width=&#8221;1\/2&#8243; css=&#8221;.vc_custom_1513075172837{background-color: #f7f8f9 !important;}&#8221;][\/vc_column][vc_column width=&#8221;1\/2&#8243; css=&#8221;.vc_custom_1513075188056{background-color: rgba(161,223,116,0.19) !important;*background-color: rgb(161,223,116) !important;}&#8221;][\/vc_column][\/vc_row][vc_row row_type=&#8221;row&#8221; stretch_row_type=&#8221;no&#8221;][vc_column css=&#8221;.vc_custom_1513075717166{margin-top: 30px [&hellip;]<\/p>\n","protected":false},"author":1,"featured_media":0,"parent":0,"menu_order":0,"comment_status":"closed","ping_status":"closed","template":"","meta":{"_bbp_topic_count":0,"_bbp_reply_count":0,"_bbp_total_topic_count":0,"_bbp_total_reply_count":0,"_bbp_voice_count":0,"_bbp_anonymous_reply_count":0,"_bbp_topic_count_hidden":0,"_bbp_reply_count_hidden":0,"_bbp_forum_subforum_count":0,"_lmt_disableupdate":"no","_lmt_disable":"","footnotes":""},"class_list":["post-2895","page","type-page","status-publish","hentry"],"_links":{"self":[{"href":"https:\/\/xlogic.org\/kb\/wp-json\/wp\/v2\/pages\/2895","targetHints":{"allow":["GET"]}}],"collection":[{"href":"https:\/\/xlogic.org\/kb\/wp-json\/wp\/v2\/pages"}],"about":[{"href":"https:\/\/xlogic.org\/kb\/wp-json\/wp\/v2\/types\/page"}],"author":[{"embeddable":true,"href":"https:\/\/xlogic.org\/kb\/wp-json\/wp\/v2\/users\/1"}],"replies":[{"embeddable":true,"href":"https:\/\/xlogic.org\/kb\/wp-json\/wp\/v2\/comments?post=2895"}],"version-history":[{"count":0,"href":"https:\/\/xlogic.org\/kb\/wp-json\/wp\/v2\/pages\/2895\/revisions"}],"wp:attachment":[{"href":"https:\/\/xlogic.org\/kb\/wp-json\/wp\/v2\/media?parent=2895"}],"curies":[{"name":"wp","href":"https:\/\/api.w.org\/{rel}","templated":true}]}}