{"id":1704,"date":"2017-10-10T14:34:43","date_gmt":"2017-10-10T12:34:43","guid":{"rendered":"https:\/\/xlogic.org\/kb\/?page_id=1704"},"modified":"2019-12-12T15:17:41","modified_gmt":"2019-12-12T14:17:41","slug":"hosting","status":"publish","type":"page","link":"https:\/\/xlogic.org\/kb\/hosting\/","title":{"rendered":"Hosting"},"content":{"rendered":"<p>[vc_row row_type=&#8221;row&#8221; stretch_row_type=&#8221;no&#8221;][vc_column][vc_column_text]<\/p>\n<h2 style=\"text-align: center;\"><strong>Che cos&#8217;\u00e8 il servizio di Web Hosting<\/strong><\/h2>\n<p>[\/vc_column_text][vc_column_text]<\/p>\n<h5 style=\"text-align: center;\">il piano Hosting \u00e8 un servizio che permette di ospitare fisicamente su un webserver tutti i files che costituiscono il sito che pu\u00f2 essere raggiunto attraverso Internet solo se oltre al piano hosting viene <a href=\"https:\/\/xlogic.org\/kb\/dominio\/\" target=\"_blank\" rel=\"noopener noreferrer\"><strong>registrato un dominio<\/strong><\/a>.<\/h5>\n<p>[\/vc_column_text][\/vc_column][\/vc_row][vc_row row_type=&#8221;row&#8221; stretch_row_type=&#8221;no&#8221;][vc_column css_animation=&#8221;bounceInDown&#8221; width=&#8221;1\/2&#8243; css=&#8221;.vc_custom_1507796592698{background-color: #f7f8f9 !important;}&#8221;]<div class=\"manual_icon_with_title\">\n\t  \n\t  <div class=\"icon_holder top \" style=\"margin-bottom:px;\">\n\t  <a href=\"https:\/\/xlogic.org\/kb\/differenza-tra-hosting-e-dominio\/\" target=\" _blank\"><span class=\"\"><i class=\"fa fa-window-restore\" style=\"font-size:px; color:;\"><\/i><\/span><\/a>\n\t  <\/div>\n\t  \n\t  <div class=\"icon_text_holder top\" style=\"padding-left:px;\">\n\t\t<div class=\"icon_text_inner\">\n\t\t  <h5 style=\"font-weight:600!important;color:#000000!important;font-size:px!important;text-transform:!important;\">Differenza tra hosting e dominio<\/h5>\n\t\t  <p class=\"desc\" style=\"color:;margin-top:px;\">Per poter rendere visibile il sito online \u00e8 necessario acquistare sia il piano hosting che il dominio.<\/p>\n\t\t  \n\t\t<\/div>\n\t  <\/div>\n\t  \n\t<\/div>[\/vc_column][vc_column css_animation=&#8221;bounceInDown&#8221; width=&#8221;1\/2&#8243; css=&#8221;.vc_custom_1507796650432{background-color: rgba(161,223,116,0.19) !important;*background-color: rgb(161,223,116) !important;}&#8221;]<div class=\"manual_icon_with_title\">\n\t  \n\t  <div class=\"icon_holder top \" style=\"margin-bottom:px;\">\n\t  <a href=\"https:\/\/xlogic.org\/kb\/come-aggiungere-un-dominio-nel-tuo-piano-hosting\/\" target=\" _blank\"><span class=\"\"><i class=\"fa fa-sitemap\" style=\"font-size:px; color:;\"><\/i><\/span><\/a>\n\t  <\/div>\n\t  \n\t  <div class=\"icon_text_holder top\" style=\"padding-left:px;\">\n\t\t<div class=\"icon_text_inner\">\n\t\t  <h5 style=\"font-weight:600!important;color:#000000!important;font-size:px!important;text-transform:!important;\">Hai bisogno di un Hosting multidominio?<\/h5>\n\t\t  <p class=\"desc\" style=\"color:;margin-top:px;\">Se hai bisogno di puntare pi\u00f9 domini sullo stesso piano Hosting devi acquistare un Hosting Multidominio.<\/p>\n\t\t  \n\t\t<\/div>\n\t  <\/div>\n\t  \n\t<\/div>[\/vc_column][\/vc_row][vc_row row_type=&#8221;row&#8221; stretch_row_type=&#8221;no&#8221;][vc_column css=&#8221;.vc_custom_1507704704300{margin-top: 30px !important;border-top-width: 30px !important;padding-top: 30px !important;}&#8221;][vc_separator][vc_column_text]<\/p>\n<h2 style=\"text-align: center;\"><strong>Quale Hosting scegliere<\/strong><\/h2>\n<p>[\/vc_column_text][vc_column_text]<\/p>\n<h5 style=\"text-align: center;\">Il piano Hosting pi\u00f9 popolare \u00e8 <a href=\"https:\/\/xlogic.org\/kb\/che-cose-lhosting-condiviso\/\" target=\"_blank\" rel=\"noopener noreferrer\"><strong>l&#8217;hosting condiviso<\/strong><\/a>\u00a0dove le risorse del Server vengono condivise tra i vari utenti ma oltre a questo piano ne vengono offerti altri come il <a href=\"https:\/\/xlogic.org\/kb\/che-cose-lhosting-reseller\/\" target=\"_blank\" rel=\"noopener noreferrer\"><strong>piano Reseller<\/strong><\/a>,il piano <strong><a href=\"https:\/\/xlogic.org\/kb\/che-cose-lhosting-wordpress\/\" target=\"_blank\" rel=\"noopener noreferrer\">hosting WordPress<\/a><\/strong>, il piano <strong><a href=\"https:\/\/xlogic.org\/kb\/che-cose-lhosting-dedicato\/\" target=\"_blank\" rel=\"noopener noreferrer\">hosting Dedicato<\/a><\/strong>, il <strong><a href=\"https:\/\/xlogic.org\/kb\/che-cose-il-server-dedicato\/\" target=\"_blank\" rel=\"noopener noreferrer\">server Dedicato<\/a><\/strong> e la <strong><a href=\"https:\/\/xlogic.org\/kb\/che-cose-la-vps-ssd-virtual-private-server\/\" target=\"_blank\" rel=\"noopener noreferrer\">VPS SSD<\/a><\/strong>.<\/h5>\n<p>[\/vc_column_text][\/vc_column][\/vc_row][vc_row row_type=&#8221;row&#8221; stretch_row_type=&#8221;no&#8221;][vc_column width=&#8221;1\/2&#8243;][vc_btn title=&#8221;Migliori performance&#8221; style=&#8221;3d&#8221; color=&#8221;default&#8221; size=&#8221;lg&#8221; align=&#8221;center&#8221; i_icon_fontawesome=&#8221;fa fa-comment-o&#8221; css_animation=&#8221;fadeInLeft&#8221; add_icon=&#8221;true&#8221; link=&#8221;url:https%3A%2F%2Fxlogic.org%2Fkb%2Fcosa-fa-xlogic-per-rendere-piu-veloce-il-mio-sito%2F||target:%20_blank|&#8221;][\/vc_column][vc_column width=&#8221;1\/2&#8243;][vc_btn title=&#8221;Piani Hosting&#8221; style=&#8221;3d&#8221; color=&#8221;default&#8221; size=&#8221;lg&#8221; align=&#8221;center&#8221; i_icon_fontawesome=&#8221;fa fa-laptop&#8221; css_animation=&#8221;fadeInRight&#8221; add_icon=&#8221;true&#8221; link=&#8221;url:https%3A%2F%2Fxlogic.org%2Fkb%2Fquali-sono-i-piani-hosting-offerti-da-xlogic%2F||target:%20_blank|&#8221;][\/vc_column][\/vc_row][vc_row row_type=&#8221;row&#8221; stretch_row_type=&#8221;no&#8221;][vc_column css=&#8221;.vc_custom_1507704704300{margin-top: 30px !important;border-top-width: 30px !important;padding-top: 30px !important;}&#8221;][vc_separator][vc_column_text css_animation=&#8221;none&#8221;]<\/p>\n<h2 style=\"text-align: center;\"><strong>Come acquistare i servizi Hosting<\/strong><\/h2>\n<p>[\/vc_column_text][vc_column_text]<\/p>\n<h5 style=\"text-align: center;\">Per creare un sito web \u00e8 necessario acquistare sia il piano Hosting che il dominio, se possiedi gi\u00e0 un sito e vuoi trasferirlo presso Xlogic dovrai effettuare il trasferimento del sito web (files + database).<\/h5>\n<p>[\/vc_column_text][\/vc_column][\/vc_row][vc_row row_type=&#8221;row&#8221; stretch_row_type=&#8221;no&#8221;][vc_column css_animation=&#8221;bottom-to-top&#8221; width=&#8221;1\/3&#8243; css=&#8221;.vc_custom_1507797534702{background-color: #f7f8f9 !important;}&#8221;]<div class=\"manual_icon_with_title\">\n\t  \n\t  <div class=\"icon_holder top \" style=\"margin-bottom:px;\">\n\t  <a href=\"https:\/\/xlogic.org\/kb\/come-acquistare-solo-il-piano-hosting\/\" target=\" _blank\"><span class=\"\"><i class=\"fa fa-server\" style=\"font-size:px; color:;\"><\/i><\/span><\/a>\n\t  <\/div>\n\t  \n\t  <div class=\"icon_text_holder top\" style=\"padding-left:px;\">\n\t\t<div class=\"icon_text_inner\">\n\t\t  <h5 style=\"font-weight:600!important;color:#000000!important;font-size:px!important;text-transform:!important;\">Solo Hosting<\/h5>\n\t\t  <p class=\"desc\" style=\"color:;margin-top:px;\">Scopri come acquistare il piano Hosting senza il dominio; puoi ordinare solamente il piano se possiedi gi\u00e0 il dominio.<\/p>\n\t\t  \n\t\t<\/div>\n\t  <\/div>\n\t  \n\t<\/div>[\/vc_column][vc_column css_animation=&#8221;left-to-right&#8221; width=&#8221;1\/3&#8243; css=&#8221;.vc_custom_1507797568392{background-color: rgba(161,223,116,0.19) !important;*background-color: rgb(161,223,116) !important;}&#8221;]<div class=\"manual_icon_with_title\">\n\t  \n\t  <div class=\"icon_holder top \" style=\"margin-bottom:px;\">\n\t  <a href=\"https:\/\/xlogic.org\/kb\/come-ordinare-hosting-e-dominio\/\" target=\" _blank\"><span class=\"\"><i class=\"fa fa-laptop\" style=\"font-size:px; color:;\"><\/i><\/span><\/a>\n\t  <\/div>\n\t  \n\t  <div class=\"icon_text_holder top\" style=\"padding-left:px;\">\n\t\t<div class=\"icon_text_inner\">\n\t\t  <h5 style=\"font-weight:600!important;color:#000000!important;font-size:px!important;text-transform:!important;\">Hosting e Dominio<\/h5>\n\t\t  <p class=\"desc\" style=\"color:;margin-top:px;\">Scopri come acquistare il piano Hosting e come registrare o trasferire il tuo dominio; segui questa guida se vuoi avere tutti i servizi presso Xlogic.<\/p>\n\t\t  \n\t\t<\/div>\n\t  <\/div>\n\t  \n\t<\/div>[\/vc_column][vc_column css_animation=&#8221;right-to-left&#8221; width=&#8221;1\/3&#8243; css=&#8221;.vc_custom_1507796622106{background-color: #f7f8f9 !important;}&#8221;]<div class=\"manual_icon_with_title\">\n\t  \n\t  <div class=\"icon_holder top \" style=\"margin-bottom:px;\">\n\t  <a href=\"https:\/\/xlogic.org\/kb\/knowledgebase\/come-trasferire-il-sito-web-files-database-presso-xlogic\/\" target=\" _blank\"><span class=\"\"><i class=\"fa fa-globe\" style=\"font-size:px; color:;\"><\/i><\/span><\/a>\n\t  <\/div>\n\t  \n\t  <div class=\"icon_text_holder top\" style=\"padding-left:px;\">\n\t\t<div class=\"icon_text_inner\">\n\t\t  <h5 style=\"font-weight:600!important;color:#000000!important;font-size:px!important;text-transform:!important;\">Trasferimento sito web<\/h5>\n\t\t  <p class=\"desc\" style=\"color:;margin-top:px;\">Se vuoi trasferire il tuo sito web (files + database) su Xlogic dovrai acquistare il piano Hosting presso di noi e successivamente trasferire il sito, scopri come.<\/p>\n\t\t  \n\t\t<\/div>\n\t  <\/div>\n\t  \n\t<\/div>[\/vc_column][\/vc_row][vc_row row_type=&#8221;row&#8221; stretch_row_type=&#8221;no&#8221;][vc_column css=&#8221;.vc_custom_1507704704300{margin-top: 30px !important;border-top-width: 30px !important;padding-top: 30px !important;}&#8221;][vc_separator][vc_column_text]<\/p>\n<h2 style=\"text-align: center;\"><strong>Upgrade \/ Downgrade e Opzioni Extra<\/strong><\/h2>\n<p>[\/vc_column_text][vc_column_text]<\/p>\n<h5 style=\"text-align: center;\">Scopri come effettuare l&#8217;upgrade ed il downgrade del piano hosting e come acquistare le opzioni extra (+ spazio, + traffico, + domini disponibili, backup automatico, certificato ssl, hack security e molto altro).<\/h5>\n<p>[\/vc_column_text][\/vc_column][\/vc_row][vc_row row_type=&#8221;row&#8221; stretch_row_type=&#8221;no&#8221;][vc_column width=&#8221;1\/2&#8243;][vc_btn title=&#8221;Upgrade \/ Downgrade&#8221; style=&#8221;3d&#8221; color=&#8221;default&#8221; size=&#8221;lg&#8221; align=&#8221;center&#8221; i_icon_fontawesome=&#8221;fa fa-sign-out&#8221; css_animation=&#8221;fadeInLeft&#8221; add_icon=&#8221;true&#8221; link=&#8221;url:https%3A%2F%2Fxlogic.org%2Fkb%2Fcome-effettuare-lupgrade-del-piano-hosting%2F||target:%20_blank|&#8221;][\/vc_column][vc_column width=&#8221;1\/2&#8243;][vc_btn title=&#8221;Opzioni Extra&#8221; style=&#8221;3d&#8221; color=&#8221;default&#8221; size=&#8221;lg&#8221; align=&#8221;center&#8221; i_icon_fontawesome=&#8221;fa fa-external-link-square&#8221; css_animation=&#8221;fadeInRight&#8221; add_icon=&#8221;true&#8221; link=&#8221;url:https%3A%2F%2Fxlogic.org%2Fkb%2Fcome-acquistare-le-opzioni-extra%2F||target:%20_blank|&#8221;][\/vc_column][\/vc_row][vc_row row_type=&#8221;row&#8221; stretch_row_type=&#8221;no&#8221;][vc_column css=&#8221;.vc_custom_1507704704300{margin-top: 30px !important;border-top-width: 30px !important;padding-top: 30px !important;}&#8221;][vc_separator][vc_column_text css_animation=&#8221;none&#8221;]<\/p>\n<h2 style=\"text-align: center;\"><strong>Come rinnovare il piano Hosting<\/strong><\/h2>\n<p>[\/vc_column_text][vc_column_text]<\/p>\n<h5 style=\"text-align: center;\">Il sistema emetter\u00e0 automaticamente un mese prima dalla scadenza la fattura e la invier\u00e0 al cliente che dovr\u00e0 pagarla entro e non oltre la scadenza.<\/h5>\n<p>[\/vc_column_text][vc_row_inner][vc_column_inner width=&#8221;1\/2&#8243;]<div class=\"manual_icon_with_title\">\n\t  \n\t  <div class=\"icon_holder top \" style=\"margin-bottom:px;\">\n\t  <a href=\"https:\/\/xlogic.org\/kb\/come-rinnovare-il-piano-hosting\/\" target=\" _blank\"><span class=\"\"><i class=\"fa fa-window-restore\" style=\"font-size:40px; color:;\"><\/i><\/span><\/a>\n\t  <\/div>\n\t  \n\t  <div class=\"icon_text_holder top\" style=\"padding-left:px;\">\n\t\t<div class=\"icon_text_inner\">\n\t\t  <h5 style=\"font-weight:600!important;color:#000000!important;font-size:px!important;text-transform:!important;\">Come rinnovare il piano hosting<\/h5>\n\t\t  <p class=\"desc\" style=\"color:;margin-top:px;\">Per poter rendere visibile il sito online \u00e8 necessario acquistare sia il piano hosting che il dominio.<\/p>\n\t\t  \n\t\t<\/div>\n\t  <\/div>\n\t  \n\t<\/div>[\/vc_column_inner][vc_column_inner width=&#8221;1\/2&#8243;]<div class=\"manual_icon_with_title\">\n\t  \n\t  <div class=\"icon_holder top \" style=\"margin-bottom:px;\">\n\t  <a href=\"https:\/\/xlogic.org\/kb\/succede-se-i-miei-servizi-scadono\/\" target=\" _blank\"><span class=\"\"><i class=\"fa fa-window-restore\" style=\"font-size:40px; color:;\"><\/i><\/span><\/a>\n\t  <\/div>\n\t  \n\t  <div class=\"icon_text_holder top\" style=\"padding-left:px;\">\n\t\t<div class=\"icon_text_inner\">\n\t\t  <h5 style=\"font-weight:600!important;color:#000000!important;font-size:px!important;text-transform:!important;\">Cosa succede se i servizi scadono<\/h5>\n\t\t  <p class=\"desc\" style=\"color:;margin-top:px;\">Per poter rendere visibile il sito online \u00e8 necessario acquistare sia il piano hosting che il dominio.<\/p>\n\t\t  \n\t\t<\/div>\n\t  <\/div>\n\t  \n\t<\/div>[\/vc_column_inner][\/vc_row_inner][\/vc_column][\/vc_row][vc_row row_type=&#8221;row&#8221; stretch_row_type=&#8221;no&#8221;][vc_column css=&#8221;.vc_custom_1507704704300{margin-top: 30px !important;border-top-width: 30px !important;padding-top: 30px !important;}&#8221;][vc_separator][vc_column_text]<\/p>\n<h2 style=\"text-align: center;\"><strong>Domande e risposte<\/strong><\/h2>\n<p>[\/vc_column_text][\/vc_column][\/vc_row][vc_row row_type=&#8221;row&#8221; stretch_row_type=&#8221;no&#8221;][vc_column][vc_tta_tour active_section=&#8221;1&#8243;][vc_tta_section add_icon=&#8221;true&#8221; title=&#8221;Cosa fa Xlogic per rendere il sito pi\u00f9 veloce&#8221; tab_id=&#8221;1507716852736-dab9b2b7-1c9954a7-78bdf4fe-10b5&#8243;][vc_column_text]Scopri cosa fa Xlogic per rendere il tuo sito web veloce e performante:<\/p>\n<ul>\n<li><a href=\"https:\/\/xlogic.org\/kb\/cosa-fa-xlogic-per-rendere-piu-veloce-il-mio-sito\/\" target=\"_blank\" rel=\"noopener noreferrer\"><strong>Cosa fa Xlogic per rendere pi\u00f9 veloce il sito<\/strong><\/a><\/li>\n<\/ul>\n<p>[\/vc_column_text][\/vc_tta_section][vc_tta_section add_icon=&#8221;true&#8221; title=&#8221;Posso cambiare il nome del piano hosting&#8221; tab_id=&#8221;1507716852808-4d9e708b-c0d354a7-78bdf4fe-10b5&#8243;][vc_column_text]Non \u00e8 possibile cambiare il nome principale del piano Hosting, per saperne di pi\u00f9:<\/p>\n<ul>\n<li><strong><a href=\"https:\/\/xlogic.org\/kb\/posso-cambiare-il-nome-del-piano-hosting\/\" target=\"_blank\" rel=\"noopener noreferrer\">Posso cambiare il nome del piano hosting<\/a><\/strong><\/li>\n<\/ul>\n<p>[\/vc_column_text][\/vc_tta_section][vc_tta_section add_icon=&#8221;true&#8221; title=&#8221;Gestione domini e sottodomini&#8221; tab_id=&#8221;1507716931667-924e905d-102f54a7-78bdf4fe-10b5&#8243;][vc_column_text]Se il piano \u00e8 multidominio potrai aggiungere pi\u00f9 domini sullo stesso piano, scopri come:<\/p>\n<ul>\n<li><a href=\"https:\/\/xlogic.org\/kb\/come-aggiungere-un-dominio-nel-tuo-piano-hosting\/\" target=\"_blank\" rel=\"noopener noreferrer\"><strong>Come puntare i domini aggiuntivi al piano hosting<\/strong><\/a><\/li>\n<\/ul>\n<p>Inoltre potrai creare quanti sottodomini vorrai anche se il piano non \u00e8 multidominio:<\/p>\n<ul>\n<li><a href=\"https:\/\/xlogic.org\/kb\/come-creare-un-sottodominio\/\" target=\"_blank\" rel=\"noopener noreferrer\"><strong>Come creare un sottodominio<\/strong><\/a><\/li>\n<\/ul>\n<p>[\/vc_column_text][\/vc_tta_section][vc_tta_section add_icon=&#8221;true&#8221; title=&#8221;Quanto spazio disco e traffico ho a disposizione&#8221; tab_id=&#8221;1507730311514-e4a8123d-1060f4fe-10b5&#8243;][vc_column_text]Lo spazio disco ed il traffico mensile a disposizione \u00e8 quello indicato nella <a href=\"https:\/\/xlogic.org\/hosting-condiviso.html\" target=\"_blank\" rel=\"noopener noreferrer\"><strong>tabella dei piani hosting<\/strong><\/a>, scopri quanto spazio e traffico ti rimane a disposizione:<\/p>\n<ul>\n<li><a href=\"https:\/\/xlogic.org\/kb\/quanto-spazio-disco-ho-a-disposizione\/\" target=\"_blank\" rel=\"noopener noreferrer\"><strong>Quanto spazio disco ho a disposizione<\/strong><\/a><\/li>\n<li><strong><a href=\"https:\/\/xlogic.org\/kb\/quanto-traffico-mensile-ho-a-disposizione\/\" target=\"_blank\" rel=\"noopener noreferrer\">Quanto traffico mensile ho a disposizione<\/a><\/strong><\/li>\n<\/ul>\n<p>Se ricevi <a href=\"https:\/\/xlogic.org\/kb\/errore-552-spazio-terminato\/\" target=\"_blank\" rel=\"noopener noreferrer\"><strong>l&#8217;errore 552<\/strong><\/a> significa che il tuo spazio hosting \u00e8 terminato, scopri come liberarlo da cPanel:<\/p>\n<ul>\n<li><a href=\"https:\/\/xlogic.org\/kb\/come-liberare-lo-spazio-disco-da-cpanel\/\" target=\"_blank\" rel=\"noopener noreferrer\"><strong>Come liberare lo spazio da cPanel<\/strong><\/a><\/li>\n<\/ul>\n<p>[\/vc_column_text][\/vc_tta_section][vc_tta_section add_icon=&#8221;true&#8221; title=&#8221;Come gestire i parametri PHP&#8221; tab_id=&#8221;1507732031025-25101516-8d6af4fe-10b5&#8243;][vc_column_text]Su Xlogic \u00e8 possibile gestire le versioni PHP ed i relativi parametri direttamente da cPanel, scopri come:<\/p>\n<ul>\n<li><a href=\"https:\/\/xlogic.org\/kb\/come-gestire-i-parametri-php\/\" target=\"_blank\" rel=\"noopener noreferrer\"><strong>Come gestire i parametri PHP<\/strong><\/a><\/li>\n<\/ul>\n<p>[\/vc_column_text][\/vc_tta_section][vc_tta_section add_icon=&#8221;true&#8221; title=&#8221;Come utilizzare PHPMyAdmin&#8221; tab_id=&#8221;1509374711851-f4923b18-7252&#8243;][vc_column_text]phpMyAdmin \u00e8 un sistema che permette di gestire ed amministrare in maniera semplice il database del sito web e le relative tabelle, scopri <a href=\"https:\/\/xlogic.org\/kb\/come-utilizzare-phpmyadmin\/\" target=\"_blank\" rel=\"noopener noreferrer\"><strong>come utilizzare phpMyAdmin<\/strong><\/a>.[\/vc_column_text][\/vc_tta_section][\/vc_tta_tour][\/vc_column][\/vc_row][vc_row row_type=&#8221;row&#8221; stretch_row_type=&#8221;no&#8221;][vc_column css=&#8221;.vc_custom_1507704704300{margin-top: 30px !important;border-top-width: 30px !important;padding-top: 30px !important;}&#8221;][vc_separator][vc_column_text css_animation=&#8221;slideInUp&#8221;]<\/p>\n<h2 style=\"text-align: center;\"><strong>Gestione sito web<\/strong><\/h2>\n<p>[\/vc_column_text][vc_column_text]<\/p>\n<h5 style=\"text-align: center;\">Un sito web dinamico \u00e8 formato dal database e dai files che devono essere caricati nella root principale del server (public_html), scopri come accedere via ftp, come gestire utente e database e come installare i CMS pi\u00f9 popolari come WordPress, Joomla, Prestashop e Drupal.<\/h5>\n<p>[\/vc_column_text][\/vc_column][\/vc_row][vc_row row_type=&#8221;row&#8221; stretch_row_type=&#8221;no&#8221;][vc_column width=&#8221;1\/3&#8243;]<div class=\"manual_icon_with_title\">\n\t  \n\t  <div class=\"icon_holder top \" style=\"margin-bottom:px;\">\n\t  <a href=\"https:\/\/xlogic.org\/kb\/come-accedere-via-ftp\/\" target=\" _blank\"><span class=\"\"><i class=\"fa fa-folder-open\" style=\"font-size:px; color:;\"><\/i><\/span><\/a>\n\t  <\/div>\n\t  \n\t  <div class=\"icon_text_holder top\" style=\"padding-left:px;\">\n\t\t<div class=\"icon_text_inner\">\n\t\t  <h5 style=\"font-weight:600!important;color:#000000!important;font-size:px!important;text-transform:!important;\">Come accedere via ftp<\/h5>\n\t\t  <p class=\"desc\" style=\"color:;margin-top:px;\"><\/p>\n\t\t  \n\t\t<\/div>\n\t  <\/div>\n\t  \n\t<\/div>[\/vc_column][vc_column width=&#8221;1\/3&#8243;]<div class=\"manual_icon_with_title\">\n\t  \n\t  <div class=\"icon_holder top \" style=\"margin-bottom:px;\">\n\t  <a href=\"https:\/\/xlogic.org\/kb\/come-gestire-lutente-ed-il-database-da-cpanel\/\" target=\" _blank\"><span class=\"\"><i class=\"fa fa-database\" style=\"font-size:px; color:;\"><\/i><\/span><\/a>\n\t  <\/div>\n\t  \n\t  <div class=\"icon_text_holder top\" style=\"padding-left:px;\">\n\t\t<div class=\"icon_text_inner\">\n\t\t  <h5 style=\"font-weight:600!important;color:#000000!important;font-size:px!important;text-transform:!important;\">Come gestire utente e database<\/h5>\n\t\t  <p class=\"desc\" style=\"color:;margin-top:px;\"><\/p>\n\t\t  \n\t\t<\/div>\n\t  <\/div>\n\t  \n\t<\/div>[\/vc_column][vc_column width=&#8221;1\/3&#8243;]<div class=\"manual_icon_with_title\">\n\t  \n\t  <div class=\"icon_holder top \" style=\"margin-bottom:px;\">\n\t  <a href=\"https:\/\/xlogic.org\/kb\/cat-kb\/hosting\/installare-cms\/\" target=\" _blank\"><span class=\"\"><i class=\"fa fa-wordpress\" style=\"font-size:px; color:;\"><\/i><\/span><\/a>\n\t  <\/div>\n\t  \n\t  <div class=\"icon_text_holder top\" style=\"padding-left:px;\">\n\t\t<div class=\"icon_text_inner\">\n\t\t  <h5 style=\"font-weight:600!important;color:#000000!important;font-size:px!important;text-transform:!important;\">Come installare i CMS<\/h5>\n\t\t  <p class=\"desc\" style=\"color:;margin-top:px;\"><\/p>\n\t\t  \n\t\t<\/div>\n\t  <\/div>\n\t  \n\t<\/div>[\/vc_column][\/vc_row][vc_row row_type=&#8221;row&#8221; stretch_row_type=&#8221;no&#8221;][vc_column][vc_separator][vc_btn title=&#8221;FAQ Xlogic&#8221; color=&#8221;default&#8221; size=&#8221;lg&#8221; align=&#8221;center&#8221; i_icon_fontawesome=&#8221;fa fa-thumbs-up&#8221; add_icon=&#8221;true&#8221; link=&#8221;url:https%3A%2F%2Fxlogic.org%2Fkb||target:%20_blank|&#8221;][\/vc_column][\/vc_row]<\/p>\n","protected":false},"excerpt":{"rendered":"<p>[vc_row row_type=&#8221;row&#8221; stretch_row_type=&#8221;no&#8221;][vc_column][vc_column_text] Che cos&#8217;\u00e8 il servizio di Web Hosting [\/vc_column_text][vc_column_text] il piano Hosting \u00e8 un servizio che permette di ospitare fisicamente su un webserver tutti i files che costituiscono il sito che pu\u00f2 essere raggiunto attraverso Internet solo se oltre al piano hosting viene registrato un dominio. [\/vc_column_text][\/vc_column][\/vc_row][vc_row row_type=&#8221;row&#8221; stretch_row_type=&#8221;no&#8221;][vc_column css_animation=&#8221;bounceInDown&#8221; width=&#8221;1\/2&#8243; css=&#8221;.vc_custom_1507796592698{background-color: #f7f8f9 [&hellip;]<\/p>\n","protected":false},"author":1,"featured_media":0,"parent":0,"menu_order":0,"comment_status":"closed","ping_status":"closed","template":"","meta":{"_bbp_topic_count":0,"_bbp_reply_count":0,"_bbp_total_topic_count":0,"_bbp_total_reply_count":0,"_bbp_voice_count":0,"_bbp_anonymous_reply_count":0,"_bbp_topic_count_hidden":0,"_bbp_reply_count_hidden":0,"_bbp_forum_subforum_count":0,"_lmt_disableupdate":"no","_lmt_disable":"","footnotes":""},"class_list":["post-1704","page","type-page","status-publish","hentry"],"_links":{"self":[{"href":"https:\/\/xlogic.org\/kb\/wp-json\/wp\/v2\/pages\/1704","targetHints":{"allow":["GET"]}}],"collection":[{"href":"https:\/\/xlogic.org\/kb\/wp-json\/wp\/v2\/pages"}],"about":[{"href":"https:\/\/xlogic.org\/kb\/wp-json\/wp\/v2\/types\/page"}],"author":[{"embeddable":true,"href":"https:\/\/xlogic.org\/kb\/wp-json\/wp\/v2\/users\/1"}],"replies":[{"embeddable":true,"href":"https:\/\/xlogic.org\/kb\/wp-json\/wp\/v2\/comments?post=1704"}],"version-history":[{"count":0,"href":"https:\/\/xlogic.org\/kb\/wp-json\/wp\/v2\/pages\/1704\/revisions"}],"wp:attachment":[{"href":"https:\/\/xlogic.org\/kb\/wp-json\/wp\/v2\/media?parent=1704"}],"curies":[{"name":"wp","href":"https:\/\/api.w.org\/{rel}","templated":true}]}}